{"id":10174,"date":"2026-05-06T14:17:10","date_gmt":"2026-05-06T18:17:10","guid":{"rendered":"https:\/\/www.pharmacyprep.com\/store\/?post_type=product&#038;p=10174"},"modified":"2026-05-06T14:39:35","modified_gmt":"2026-05-06T18:39:35","slug":"pebc-evaluating-exam-home-study-plus-online-prep-digital-books-hybrid","status":"publish","type":"product","link":"https:\/\/www.pharmacyprep.com\/store\/books\/pebc-evaluating-exam-home-study-plus-online-prep-digital-books-hybrid\/","title":{"rendered":"PEBC Evaluating Exam Home Study Plus Online Prep &#8211; Digital Books only (hybrid French and English)"},"content":{"rendered":"<p>PEBC Evaluating Exam Home Study Plus Online Prep &#8211; Digital Books only (hybrid French and English)<\/p>\n<p>Home \u2705 Ce qui est inclus<\/p>\n<ul>\n<li>Cours en direct 2 jours par semaine (jusqu\u2019\u00e0 l\u2019examen)<\/li>\n<li>acc\u00e8s aux enregistrements (les cours en direct sont offerts en anglais)<\/li>\n<li>Evaluating Exam Review Book 2026 \u2013 Version fran\u00e7aise<\/li>\n<li>Questions et r\u00e9ponses par chapitre (Must-Pass QBank) \u2013 Version fran\u00e7aise<\/li>\n<li>Tests pratiques informatis\u00e9s \u2013 Version fran\u00e7aise<\/li>\n<li>Examens blancs (Mock Exams) avec explications d\u00e9taill\u00e9es \u2013 Version fran\u00e7aise<\/li>\n<\/ul>\n<p>&nbsp;<\/p>\n<div class=\"desc_table\">\n<table border=\"0\" cellspacing=\"0\" cellpadding=\"0\">\n<tbody>\n<tr valign=\"top\">\n<td colspan=\"2\" height=\"30\"><strong>Dans le cadre du cours de r\u00e9vision, nous fournissons les livres suivants :<\/strong><\/td>\n<\/tr>\n<tr>\n<td rowspan=\"2\" align=\"left\" width=\"120\"><img loading=\"lazy\" decoding=\"async\" src=\"https:\/\/www.pharmacyprep.com\/store\/wp-content\/uploads\/2018\/07\/EE.jpg\" width=\"108\" height=\"140\" hspace=\"0\" vspace=\"0\" \/><\/td>\n<td valign=\"top\" height=\"35\"><strong>Guide de r\u00e9f\u00e9rence pour l&#8217;\u00e9valuation de la pr\u00e9paration aux examens et Manuel de r\u00e9vision \u2013 VERSION NUM\u00c9RIQUE<\/strong><\/td>\n<\/tr>\n<tr>\n<td style=\"padding: 2px 0px;\" align=\"justify\" valign=\"top\">S\u00e9rie de conf\u00e9rences et guide complet de ressources couvrant les sujets cl\u00e9s et des r\u00e9sum\u00e9s \u00e0 haut rendement pour aider les \u00e9tudiants \u00e0 se pr\u00e9parer aux examens d&#8217;\u00e9valuation canadiens. Il s&#8217;agit d&#8217;un manuel concis offrant une couverture approfondie des domaines suivants : sciences biom\u00e9dicales, sciences pharmaceutiques, sciences sociales, comportementales, administratives et de gestion, pratique de la pharmacie, th\u00e9rapeutique et m\u00e9dicaments en vente libre (MVL).<\/p>\n<div class=\"BlueLink\" style=\"margin-top: 12px;\"><a href=\"https:\/\/www.pharmacyprep.com\/pdf\/001 Evaluating Exam Review Book Content.pdf\" target=\"_blank\" rel=\"noopener\"> View Book Contents<\/a><\/div>\n<\/td>\n<\/tr>\n<tr>\n<td align=\"left\" width=\"120\" height=\"16\"><\/td>\n<td style=\"padding: 2px 0px;\" align=\"justify\" valign=\"top\" height=\"16\"><\/td>\n<\/tr>\n<tr>\n<td rowspan=\"2\" align=\"left\" width=\"120\"><img loading=\"lazy\" decoding=\"async\" src=\"https:\/\/www.pharmacyprep.com\/store\/wp-content\/uploads\/2018\/07\/Social-Behavioural.jpg\" alt=\"\" width=\"108\" height=\"144\" hspace=\"0\" vspace=\"0\" \/><\/td>\n<td height=\"25\"><strong>Sciences sociales, comportementales et administratives \u2013 VERSION NUM\u00c9RIQUE<\/strong><\/td>\n<\/tr>\n<tr>\n<td style=\"padding: 2px 0px;\" align=\"justify\" valign=\"top\">\n<div class=\"BlueLink\" style=\"margin-top: 12px;\">\n<p>S\u00e9rie de conf\u00e9rences et guide de ressources complet couvrant les th\u00e8mes cl\u00e9s et des r\u00e9sum\u00e9s \u00e0 haut rendement pour la pr\u00e9paration aux examens de pharmacie. Cet ouvrage est divis\u00e9 en trois modules incluant les sciences sociales, les sciences comportementales et l&#8217;administration de la pharmacie.<\/p>\n<div class=\"BlueLink\" style=\"margin-top: 12px;\"><a href=\"https:\/\/www.pharmacyprep.com\/pdf\/4 Social, Behavioral, Administrative Sciences 2025 (June2025).pdf\" target=\"_blank\" rel=\"noopener\">Consulter le contenu du livre<\/a><\/div>\n<\/div>\n<\/td>\n<\/tr>\n<tr>\n<td align=\"left\" width=\"120\" height=\"16\"><\/td>\n<td style=\"padding: 2px 0px;\" align=\"justify\" valign=\"top\" height=\"16\"><\/td>\n<\/tr>\n<tr>\n<td rowspan=\"2\" align=\"left\" width=\"120\"><img loading=\"lazy\" decoding=\"async\" src=\"https:\/\/www.pharmacyprep.com\/store\/wp-content\/uploads\/2018\/07\/pharmaceutical-sciences.jpg\" width=\"108\" height=\"144\" hspace=\"0\" vspace=\"0\" \/><\/td>\n<td height=\"25\"><strong>Sciences pharmaceutiques \u2013 VERSION NUM\u00c9RIQUE<\/strong><\/td>\n<\/tr>\n<tr>\n<td style=\"padding: 2px 0px;\" align=\"justify\" valign=\"top\">S\u00e9rie de conf\u00e9rences et guide de ressources complet couvrant les th\u00e8mes cl\u00e9s et des r\u00e9sum\u00e9s \u00e0 haut rendement pour la pr\u00e9paration aux examens d&#8217;\u00e9valuation. Il inclut la chimie m\u00e9dicinale, les calculs pharmaceutiques, la pharmacocin\u00e9tique, la pharmacie gal\u00e9nique et l&#8217;analyse pharmaceutique.<\/p>\n<div class=\"BlueLink\" style=\"margin-top: 12px;\"><a href=\"https:\/\/www.pharmacyprep.com\/pdf\/2 Pharmaceutical Sciences 2025 - (June2025).pdf\" target=\"_blank\" rel=\"noopener\">Consulter le contenu du livre<\/a><\/div>\n<\/td>\n<\/tr>\n<tr>\n<td align=\"left\" width=\"120\" height=\"16\"><\/td>\n<td style=\"padding: 2px 0px;\" align=\"justify\" valign=\"top\" height=\"16\"><\/td>\n<\/tr>\n<tr>\n<td rowspan=\"2\" align=\"left\" width=\"120\"><img loading=\"lazy\" decoding=\"async\" src=\"https:\/\/www.pharmacyprep.com\/store\/wp-content\/uploads\/2018\/07\/pharmacypractices1.jpg\" width=\"108\" height=\"140\" hspace=\"0\" vspace=\"0\" \/><\/td>\n<td style=\"padding: 2px 0px;\" align=\"justify\" valign=\"top\"><strong>Pratique de la pharmacie \u2013 VERSION NUM\u00c9RIQUE<\/strong><\/td>\n<\/tr>\n<tr>\n<td style=\"padding: 2px 0px;\" align=\"justify\" valign=\"top\">S\u00e9rie de conf\u00e9rences et guide de ressources complet couvrant les th\u00e8mes cl\u00e9s et des r\u00e9sum\u00e9s \u00e0 haut rendement pour la pr\u00e9paration aux examens de pharmacie. Cet ouvrage est divis\u00e9 en trois modules incluant la r\u00e9glementation de la pharmacie, la gestion de la pharmacie, les agents sans ordonnance et la th\u00e9rapeutique.<\/p>\n<div class=\"BlueLink\" style=\"margin-top: 12px;\"><a href=\"https:\/\/www.pharmacyprep.com\/pdf\/3 Pharmacy Practice 2025 - (June2025).pdf\" target=\"_blank\" rel=\"noopener\">Consulter le contenu du livre<\/a><\/div>\n<\/td>\n<\/tr>\n<tr>\n<td align=\"left\" width=\"120\" height=\"16\"><\/td>\n<td style=\"padding: 2px 0px;\" align=\"justify\" valign=\"top\" height=\"16\"><\/td>\n<\/tr>\n<tr>\n<td rowspan=\"2\" align=\"left\" width=\"120\"><\/td>\n<td height=\"25\"><\/td>\n<\/tr>\n<tr>\n<td style=\"padding: 2px 0px;\" align=\"justify\" valign=\"top\">\n<div class=\"BlueLink\" style=\"margin-top: 12px;\"><\/div>\n<\/td>\n<\/tr>\n<\/tbody>\n<\/table>\n<\/div>\n","protected":false},"excerpt":{"rendered":"<p>PEBC Evaluating Exam Home Study Plus Online Prep &#8211; Digital Books only (hybrid French and English) Home \u2705 Ce qui est inclus Cours en direct 2 jours par semaine (jusqu\u2019\u00e0 l\u2019examen) acc\u00e8s aux enregistrements (les cours en direct sont offerts en anglais) Evaluating Exam Review Book 2026 \u2013 Version fran\u00e7aise Questions et r\u00e9ponses par chapitre&#8230;<\/p>\n","protected":false},"featured_media":10177,"comment_status":"open","ping_status":"closed","template":"","meta":[],"product_brand":[],"product_cat":[461],"product_tag":[446,410,447],"class_list":{"0":"post-10174","1":"product","2":"type-product","3":"status-publish","4":"has-post-thumbnail","6":"product_cat-french","7":"product_tag-evaluating-exam","8":"product_tag-pebc","9":"product_tag-pebc-evaluating-exam","11":"first","12":"instock","13":"virtual","14":"taxable","15":"purchasable","16":"product-type-simple"},"_links":{"self":[{"href":"https:\/\/www.pharmacyprep.com\/store\/wp-json\/wp\/v2\/product\/10174","targetHints":{"allow":["GET"]}}],"collection":[{"href":"https:\/\/www.pharmacyprep.com\/store\/wp-json\/wp\/v2\/product"}],"about":[{"href":"https:\/\/www.pharmacyprep.com\/store\/wp-json\/wp\/v2\/types\/product"}],"replies":[{"embeddable":true,"href":"https:\/\/www.pharmacyprep.com\/store\/wp-json\/wp\/v2\/comments?post=10174"}],"wp:featuredmedia":[{"embeddable":true,"href":"https:\/\/www.pharmacyprep.com\/store\/wp-json\/wp\/v2\/media\/10177"}],"wp:attachment":[{"href":"https:\/\/www.pharmacyprep.com\/store\/wp-json\/wp\/v2\/media?parent=10174"}],"wp:term":[{"taxonomy":"product_brand","embeddable":true,"href":"https:\/\/www.pharmacyprep.com\/store\/wp-json\/wp\/v2\/product_brand?post=10174"},{"taxonomy":"product_cat","embeddable":true,"href":"https:\/\/www.pharmacyprep.com\/store\/wp-json\/wp\/v2\/product_cat?post=10174"},{"taxonomy":"product_tag","embeddable":true,"href":"https:\/\/www.pharmacyprep.com\/store\/wp-json\/wp\/v2\/product_tag?post=10174"}],"curies":[{"name":"wp","href":"https:\/\/api.w.org\/{rel}","templated":true}]}}